{"id":533,"date":"2018-07-17T16:59:57","date_gmt":"2018-07-17T14:59:57","guid":{"rendered":"https:\/\/www.drnedelcumarius.com\/contact\/"},"modified":"2023-04-12T11:16:27","modified_gmt":"2023-04-12T09:16:27","slug":"contact","status":"publish","type":"page","link":"https:\/\/www.drnedelcumarius.com\/en\/contact\/","title":{"rendered":"Contact"},"content":{"rendered":"<div id=\"cs-content\" class=\"cs-content\"><\/div>\n","protected":false},"excerpt":{"rendered":"<p>Contacter le Dr. Marius NedelcuLaissez-moi un message En soumettant ce formulaire, j&#8217;accepte que les informations saisies soient utilis\u00e9es pour permettre de me recontacter. J&#8217;accepte \u00e9galement la politique de confidentialit\u00e9 du site internet Veuillez laisser ce champ vide. Les informations de contactMarius Nedelcu 33 Rue Capitaine Joseph Casanova 83 000 Toulon06 95 95 09 65nedelcu.marius@gmail.com<\/p>\n","protected":false},"author":1,"featured_media":0,"parent":0,"menu_order":0,"comment_status":"closed","ping_status":"closed","template":"template-blank-4.php","meta":{"footnotes":""},"class_list":["post-533","page","type-page","status-publish","hentry","no-post-thumbnail"],"yoast_head":"<!-- This site is optimized with the Yoast SEO plugin v27.5 - https:\/\/yoast.com\/product\/yoast-seo-wordpress\/ -->\n<title>Contacter le Dr Nedelcu pour tout savoir sur les chirurgies de l&#039;ob\u00e9sit\u00e9<\/title>\n<meta name=\"description\" content=\"Le docteur Marius Nedelcu r\u00e9pond \u00e0 toutes vos questions sur les diff\u00e9rentes op\u00e9rations bariatriques.\" \/>\n<meta name=\"robots\" content=\"index, follow, max-snippet:-1, max-image-preview:large, max-video-preview:-1\" \/>\n<link rel=\"canonical\" href=\"https:\/\/www.drnedelcumarius.com\/en\/contact\/\" \/>\n<meta property=\"og:locale\" content=\"en_US\" \/>\n<meta property=\"og:type\" content=\"article\" \/>\n<meta property=\"og:title\" content=\"Contacter le Dr Nedelcu pour tout savoir sur les chirurgies de l&#039;ob\u00e9sit\u00e9\" \/>\n<meta property=\"og:description\" content=\"Le docteur Marius Nedelcu r\u00e9pond \u00e0 toutes vos questions sur les diff\u00e9rentes op\u00e9rations bariatriques.\" \/>\n<meta property=\"og:url\" content=\"https:\/\/www.drnedelcumarius.com\/en\/contact\/\" \/>\n<meta property=\"og:site_name\" content=\"Dr Marius Nedelcu\" \/>\n<meta property=\"article:modified_time\" content=\"2023-04-12T09:16:27+00:00\" \/>\n<meta name=\"twitter:card\" content=\"summary_large_image\" \/>\n<meta name=\"twitter:label1\" content=\"Est. reading time\" \/>\n\t<meta name=\"twitter:data1\" content=\"2 minutes\" \/>\n<script type=\"application\/ld+json\" class=\"yoast-schema-graph\">{\"@context\":\"https:\\\/\\\/schema.org\",\"@graph\":[{\"@type\":\"WebPage\",\"@id\":\"https:\\\/\\\/www.drnedelcumarius.com\\\/en\\\/contact\\\/\",\"url\":\"https:\\\/\\\/www.drnedelcumarius.com\\\/en\\\/contact\\\/\",\"name\":\"Contacter le Dr Nedelcu pour tout savoir sur les chirurgies de l'ob\u00e9sit\u00e9\",\"isPartOf\":{\"@id\":\"https:\\\/\\\/www.drnedelcumarius.com\\\/#website\"},\"datePublished\":\"2018-07-17T14:59:57+00:00\",\"dateModified\":\"2023-04-12T09:16:27+00:00\",\"description\":\"Le docteur Marius Nedelcu r\u00e9pond \u00e0 toutes vos questions sur les diff\u00e9rentes op\u00e9rations bariatriques.\",\"breadcrumb\":{\"@id\":\"https:\\\/\\\/www.drnedelcumarius.com\\\/en\\\/contact\\\/#breadcrumb\"},\"inLanguage\":\"en-US\",\"potentialAction\":[{\"@type\":\"ReadAction\",\"target\":[\"https:\\\/\\\/www.drnedelcumarius.com\\\/en\\\/contact\\\/\"]}]},{\"@type\":\"BreadcrumbList\",\"@id\":\"https:\\\/\\\/www.drnedelcumarius.com\\\/en\\\/contact\\\/#breadcrumb\",\"itemListElement\":[{\"@type\":\"ListItem\",\"position\":1,\"name\":\"Accueil\",\"item\":\"https:\\\/\\\/www.drnedelcumarius.com\\\/en\\\/accueil\\\/\"},{\"@type\":\"ListItem\",\"position\":2,\"name\":\"Contact\"}]},{\"@type\":\"WebSite\",\"@id\":\"https:\\\/\\\/www.drnedelcumarius.com\\\/#website\",\"url\":\"https:\\\/\\\/www.drnedelcumarius.com\\\/\",\"name\":\"Dr Marius Nedelcu\",\"description\":\"Chirurgien visc\u00e9rale &amp; bariatrique\",\"potentialAction\":[{\"@type\":\"SearchAction\",\"target\":{\"@type\":\"EntryPoint\",\"urlTemplate\":\"https:\\\/\\\/www.drnedelcumarius.com\\\/?s={search_term_string}\"},\"query-input\":{\"@type\":\"PropertyValueSpecification\",\"valueRequired\":true,\"valueName\":\"search_term_string\"}}],\"inLanguage\":\"en-US\"}]}<\/script>\n<!-- \/ Yoast SEO plugin. -->","yoast_head_json":{"title":"Contacter le Dr Nedelcu pour tout savoir sur les chirurgies de l'ob\u00e9sit\u00e9","description":"Le docteur Marius Nedelcu r\u00e9pond \u00e0 toutes vos questions sur les diff\u00e9rentes op\u00e9rations bariatriques.","robots":{"index":"index","follow":"follow","max-snippet":"max-snippet:-1","max-image-preview":"max-image-preview:large","max-video-preview":"max-video-preview:-1"},"canonical":"https:\/\/www.drnedelcumarius.com\/en\/contact\/","og_locale":"en_US","og_type":"article","og_title":"Contacter le Dr Nedelcu pour tout savoir sur les chirurgies de l'ob\u00e9sit\u00e9","og_description":"Le docteur Marius Nedelcu r\u00e9pond \u00e0 toutes vos questions sur les diff\u00e9rentes op\u00e9rations bariatriques.","og_url":"https:\/\/www.drnedelcumarius.com\/en\/contact\/","og_site_name":"Dr Marius Nedelcu","article_modified_time":"2023-04-12T09:16:27+00:00","twitter_card":"summary_large_image","twitter_misc":{"Est. reading time":"2 minutes"},"schema":{"@context":"https:\/\/schema.org","@graph":[{"@type":"WebPage","@id":"https:\/\/www.drnedelcumarius.com\/en\/contact\/","url":"https:\/\/www.drnedelcumarius.com\/en\/contact\/","name":"Contacter le Dr Nedelcu pour tout savoir sur les chirurgies de l'ob\u00e9sit\u00e9","isPartOf":{"@id":"https:\/\/www.drnedelcumarius.com\/#website"},"datePublished":"2018-07-17T14:59:57+00:00","dateModified":"2023-04-12T09:16:27+00:00","description":"Le docteur Marius Nedelcu r\u00e9pond \u00e0 toutes vos questions sur les diff\u00e9rentes op\u00e9rations bariatriques.","breadcrumb":{"@id":"https:\/\/www.drnedelcumarius.com\/en\/contact\/#breadcrumb"},"inLanguage":"en-US","potentialAction":[{"@type":"ReadAction","target":["https:\/\/www.drnedelcumarius.com\/en\/contact\/"]}]},{"@type":"BreadcrumbList","@id":"https:\/\/www.drnedelcumarius.com\/en\/contact\/#breadcrumb","itemListElement":[{"@type":"ListItem","position":1,"name":"Accueil","item":"https:\/\/www.drnedelcumarius.com\/en\/accueil\/"},{"@type":"ListItem","position":2,"name":"Contact"}]},{"@type":"WebSite","@id":"https:\/\/www.drnedelcumarius.com\/#website","url":"https:\/\/www.drnedelcumarius.com\/","name":"Dr Marius Nedelcu","description":"Chirurgien visc\u00e9rale &amp; bariatrique","potentialAction":[{"@type":"SearchAction","target":{"@type":"EntryPoint","urlTemplate":"https:\/\/www.drnedelcumarius.com\/?s={search_term_string}"},"query-input":{"@type":"PropertyValueSpecification","valueRequired":true,"valueName":"search_term_string"}}],"inLanguage":"en-US"}]}},"_links":{"self":[{"href":"https:\/\/www.drnedelcumarius.com\/en\/wp-json\/wp\/v2\/pages\/533","targetHints":{"allow":["GET"]}}],"collection":[{"href":"https:\/\/www.drnedelcumarius.com\/en\/wp-json\/wp\/v2\/pages"}],"about":[{"href":"https:\/\/www.drnedelcumarius.com\/en\/wp-json\/wp\/v2\/types\/page"}],"author":[{"embeddable":true,"href":"https:\/\/www.drnedelcumarius.com\/en\/wp-json\/wp\/v2\/users\/1"}],"replies":[{"embeddable":true,"href":"https:\/\/www.drnedelcumarius.com\/en\/wp-json\/wp\/v2\/comments?post=533"}],"version-history":[{"count":13,"href":"https:\/\/www.drnedelcumarius.com\/en\/wp-json\/wp\/v2\/pages\/533\/revisions"}],"predecessor-version":[{"id":1147,"href":"https:\/\/www.drnedelcumarius.com\/en\/wp-json\/wp\/v2\/pages\/533\/revisions\/1147"}],"wp:attachment":[{"href":"https:\/\/www.drnedelcumarius.com\/en\/wp-json\/wp\/v2\/media?parent=533"}],"curies":[{"name":"wp","href":"https:\/\/api.w.org\/{rel}","templated":true}]}}