{"id":750,"date":"2018-08-08T09:34:49","date_gmt":"2018-08-08T07:34:49","guid":{"rendered":"https:\/\/www.drnedelcumarius.com\/demande-de-suppression-des-donnees\/"},"modified":"2018-09-25T10:15:51","modified_gmt":"2018-09-25T08:15:51","slug":"request-to-delete-personal-data","status":"publish","type":"page","link":"https:\/\/www.drnedelcumarius.com\/en\/request-to-delete-personal-data\/","title":{"rendered":"Request to delete personal data"},"content":{"rendered":"<div id=\"cs-content\" class=\"cs-content\"><\/div>\n","protected":false},"excerpt":{"rendered":"<p>Suppression de mes donn\u00e9es personnellesConform\u00e9ment au r\u00e8glement europ\u00e9en RGPD, je demande la suppression de mes donn\u00e9es personnelles dans votre syst\u00e8me d\u2019information via ce formulaire. Je ne vous communique mes nom et adresse mail que pour que vous les retrouviez et supprimiez de votre syst\u00e8me d\u2019information. Votre nom (obligatoire) Votre adresse de messagerie (obligatoire) Je demande la suppression et la non &#8230; <\/p>\n<div><a href=\"https:\/\/www.drnedelcumarius.com\/en\/request-to-delete-personal-data\/\" class=\"more-link\">Read More<\/a><\/div>\n","protected":false},"author":1,"featured_media":0,"parent":0,"menu_order":0,"comment_status":"closed","ping_status":"closed","template":"template-blank-1.php","meta":{"footnotes":""},"class_list":["post-750","page","type-page","status-publish","hentry","no-post-thumbnail"],"yoast_head":"<!-- This site is optimized with the Yoast SEO plugin v27.5 - https:\/\/yoast.com\/product\/yoast-seo-wordpress\/ -->\n<title>Deleting personal data, protect yourself with the GDPR<\/title>\n<meta name=\"description\" content=\"We may have data about you, you may request that we delete your personal data.\" \/>\n<meta name=\"robots\" content=\"index, follow, max-snippet:-1, max-image-preview:large, max-video-preview:-1\" \/>\n<link rel=\"canonical\" href=\"https:\/\/www.drnedelcumarius.com\/en\/request-to-delete-personal-data\/\" \/>\n<meta property=\"og:locale\" content=\"en_US\" \/>\n<meta property=\"og:type\" content=\"article\" \/>\n<meta property=\"og:title\" content=\"Deleting personal data, protect yourself with the GDPR\" \/>\n<meta property=\"og:description\" content=\"We may have data about you, you may request that we delete your personal data.\" \/>\n<meta property=\"og:url\" content=\"https:\/\/www.drnedelcumarius.com\/en\/request-to-delete-personal-data\/\" \/>\n<meta property=\"og:site_name\" content=\"Dr Marius Nedelcu\" \/>\n<meta property=\"article:modified_time\" content=\"2018-09-25T08:15:51+00:00\" \/>\n<meta name=\"twitter:card\" content=\"summary_large_image\" \/>\n<meta name=\"twitter:label1\" content=\"Est. reading time\" \/>\n\t<meta name=\"twitter:data1\" content=\"1 minute\" \/>\n<script type=\"application\/ld+json\" class=\"yoast-schema-graph\">{\"@context\":\"https:\\\/\\\/schema.org\",\"@graph\":[{\"@type\":\"WebPage\",\"@id\":\"https:\\\/\\\/www.drnedelcumarius.com\\\/en\\\/request-to-delete-personal-data\\\/\",\"url\":\"https:\\\/\\\/www.drnedelcumarius.com\\\/en\\\/request-to-delete-personal-data\\\/\",\"name\":\"Deleting personal data, protect yourself with the GDPR\",\"isPartOf\":{\"@id\":\"https:\\\/\\\/www.drnedelcumarius.com\\\/#website\"},\"datePublished\":\"2018-08-08T07:34:49+00:00\",\"dateModified\":\"2018-09-25T08:15:51+00:00\",\"description\":\"We may have data about you, you may request that we delete your personal data.\",\"breadcrumb\":{\"@id\":\"https:\\\/\\\/www.drnedelcumarius.com\\\/en\\\/request-to-delete-personal-data\\\/#breadcrumb\"},\"inLanguage\":\"en-US\",\"potentialAction\":[{\"@type\":\"ReadAction\",\"target\":[\"https:\\\/\\\/www.drnedelcumarius.com\\\/en\\\/request-to-delete-personal-data\\\/\"]}]},{\"@type\":\"BreadcrumbList\",\"@id\":\"https:\\\/\\\/www.drnedelcumarius.com\\\/en\\\/request-to-delete-personal-data\\\/#breadcrumb\",\"itemListElement\":[{\"@type\":\"ListItem\",\"position\":1,\"name\":\"Accueil\",\"item\":\"https:\\\/\\\/www.drnedelcumarius.com\\\/en\\\/accueil\\\/\"},{\"@type\":\"ListItem\",\"position\":2,\"name\":\"Request to delete personal data\"}]},{\"@type\":\"WebSite\",\"@id\":\"https:\\\/\\\/www.drnedelcumarius.com\\\/#website\",\"url\":\"https:\\\/\\\/www.drnedelcumarius.com\\\/\",\"name\":\"Dr Marius Nedelcu\",\"description\":\"Chirurgien visc\u00e9rale &amp; bariatrique\",\"potentialAction\":[{\"@type\":\"SearchAction\",\"target\":{\"@type\":\"EntryPoint\",\"urlTemplate\":\"https:\\\/\\\/www.drnedelcumarius.com\\\/?s={search_term_string}\"},\"query-input\":{\"@type\":\"PropertyValueSpecification\",\"valueRequired\":true,\"valueName\":\"search_term_string\"}}],\"inLanguage\":\"en-US\"}]}<\/script>\n<!-- \/ Yoast SEO plugin. -->","yoast_head_json":{"title":"Deleting personal data, protect yourself with the GDPR","description":"We may have data about you, you may request that we delete your personal data.","robots":{"index":"index","follow":"follow","max-snippet":"max-snippet:-1","max-image-preview":"max-image-preview:large","max-video-preview":"max-video-preview:-1"},"canonical":"https:\/\/www.drnedelcumarius.com\/en\/request-to-delete-personal-data\/","og_locale":"en_US","og_type":"article","og_title":"Deleting personal data, protect yourself with the GDPR","og_description":"We may have data about you, you may request that we delete your personal data.","og_url":"https:\/\/www.drnedelcumarius.com\/en\/request-to-delete-personal-data\/","og_site_name":"Dr Marius Nedelcu","article_modified_time":"2018-09-25T08:15:51+00:00","twitter_card":"summary_large_image","twitter_misc":{"Est. reading time":"1 minute"},"schema":{"@context":"https:\/\/schema.org","@graph":[{"@type":"WebPage","@id":"https:\/\/www.drnedelcumarius.com\/en\/request-to-delete-personal-data\/","url":"https:\/\/www.drnedelcumarius.com\/en\/request-to-delete-personal-data\/","name":"Deleting personal data, protect yourself with the GDPR","isPartOf":{"@id":"https:\/\/www.drnedelcumarius.com\/#website"},"datePublished":"2018-08-08T07:34:49+00:00","dateModified":"2018-09-25T08:15:51+00:00","description":"We may have data about you, you may request that we delete your personal data.","breadcrumb":{"@id":"https:\/\/www.drnedelcumarius.com\/en\/request-to-delete-personal-data\/#breadcrumb"},"inLanguage":"en-US","potentialAction":[{"@type":"ReadAction","target":["https:\/\/www.drnedelcumarius.com\/en\/request-to-delete-personal-data\/"]}]},{"@type":"BreadcrumbList","@id":"https:\/\/www.drnedelcumarius.com\/en\/request-to-delete-personal-data\/#breadcrumb","itemListElement":[{"@type":"ListItem","position":1,"name":"Accueil","item":"https:\/\/www.drnedelcumarius.com\/en\/accueil\/"},{"@type":"ListItem","position":2,"name":"Request to delete personal data"}]},{"@type":"WebSite","@id":"https:\/\/www.drnedelcumarius.com\/#website","url":"https:\/\/www.drnedelcumarius.com\/","name":"Dr Marius Nedelcu","description":"Chirurgien visc\u00e9rale &amp; bariatrique","potentialAction":[{"@type":"SearchAction","target":{"@type":"EntryPoint","urlTemplate":"https:\/\/www.drnedelcumarius.com\/?s={search_term_string}"},"query-input":{"@type":"PropertyValueSpecification","valueRequired":true,"valueName":"search_term_string"}}],"inLanguage":"en-US"}]}},"_links":{"self":[{"href":"https:\/\/www.drnedelcumarius.com\/en\/wp-json\/wp\/v2\/pages\/750","targetHints":{"allow":["GET"]}}],"collection":[{"href":"https:\/\/www.drnedelcumarius.com\/en\/wp-json\/wp\/v2\/pages"}],"about":[{"href":"https:\/\/www.drnedelcumarius.com\/en\/wp-json\/wp\/v2\/types\/page"}],"author":[{"embeddable":true,"href":"https:\/\/www.drnedelcumarius.com\/en\/wp-json\/wp\/v2\/users\/1"}],"replies":[{"embeddable":true,"href":"https:\/\/www.drnedelcumarius.com\/en\/wp-json\/wp\/v2\/comments?post=750"}],"version-history":[{"count":2,"href":"https:\/\/www.drnedelcumarius.com\/en\/wp-json\/wp\/v2\/pages\/750\/revisions"}],"predecessor-version":[{"id":752,"href":"https:\/\/www.drnedelcumarius.com\/en\/wp-json\/wp\/v2\/pages\/750\/revisions\/752"}],"wp:attachment":[{"href":"https:\/\/www.drnedelcumarius.com\/en\/wp-json\/wp\/v2\/media?parent=750"}],"curies":[{"name":"wp","href":"https:\/\/api.w.org\/{rel}","templated":true}]}}