{"id":1206,"date":"2024-06-21T17:55:15","date_gmt":"2024-06-21T15:55:15","guid":{"rendered":"https:\/\/www.drnedelcumarius.com\/?page_id=1206"},"modified":"2024-06-25T09:35:56","modified_gmt":"2024-06-25T07:35:56","slug":"accueil","status":"publish","type":"page","link":"https:\/\/www.drnedelcumarius.com\/ro\/","title":{"rendered":"pagina principala"},"content":{"rendered":"<div id=\"cs-content\" class=\"cs-content\"><\/div>\n","protected":false},"excerpt":{"rendered":"<p>Membre du premier centre de chirurgie en France certifi\u00e9 &#8222;Centre d&#8217;excellence&#8221;D\u00e9couvrir les centres d&#8217;excellenceDr. Marius NedelcuIn viziunea mea, chirurgia obezitatii trebuie sa se adreseze mai mult ameliorarii calitatii vietii, iar in alegerea procedurii pacientul trebuie sa fie foarte implicat, cu excep\u021bia cazului \u00een care exist\u0103 o contraindica\u021bie absolut\u0103.descoper\u0103-m\u0103+0procedure realizate+0Pacienti operati in Franta+0Consultatii pentru obezitate+0 milioaneNumar de pacienti cu obezitate in &#8230; <\/p>\n<div><a href=\"https:\/\/www.drnedelcumarius.com\/ro\/\" class=\"more-link\">Read More<\/a><\/div>\n","protected":false},"author":1,"featured_media":0,"parent":0,"menu_order":0,"comment_status":"closed","ping_status":"closed","template":"template-blank-4.php","meta":{"footnotes":""},"class_list":["post-1206","page","type-page","status-publish","hentry","no-post-thumbnail"],"yoast_head":"<!-- This site is optimized with the Yoast SEO plugin v27.5 - https:\/\/yoast.com\/product\/yoast-seo-wordpress\/ -->\n<title>pagina principala - Dr Marius Nedelcu<\/title>\n<meta name=\"robots\" content=\"index, follow, max-snippet:-1, max-image-preview:large, max-video-preview:-1\" \/>\n<link rel=\"canonical\" href=\"https:\/\/www.drnedelcumarius.com\/ro\/accueil\/\" \/>\n<meta property=\"og:locale\" content=\"ro_RO\" \/>\n<meta property=\"og:type\" content=\"article\" \/>\n<meta property=\"og:title\" content=\"pagina principala - Dr Marius Nedelcu\" \/>\n<meta property=\"og:description\" content=\"Membre du premier centre de chirurgie en France certifi\u00e9 &quot;Centre d&#039;excellence&quot;D\u00e9couvrir les centres d&#039;excellenceDr. Marius NedelcuIn viziunea mea, chirurgia obezitatii trebuie sa se adreseze mai mult ameliorarii calitatii vietii, iar in alegerea procedurii pacientul trebuie sa fie foarte implicat, cu excep\u021bia cazului \u00een care exist\u0103 o contraindica\u021bie absolut\u0103.descoper\u0103-m\u0103+0procedure realizate+0Pacienti operati in Franta+0Consultatii pentru obezitate+0 milioaneNumar de pacienti cu obezitate in ... Read More\" \/>\n<meta property=\"og:url\" content=\"https:\/\/www.drnedelcumarius.com\/ro\/accueil\/\" \/>\n<meta property=\"og:site_name\" content=\"Dr Marius Nedelcu\" \/>\n<meta property=\"article:modified_time\" content=\"2024-06-25T07:35:56+00:00\" \/>\n<meta name=\"twitter:card\" content=\"summary_large_image\" \/>\n<script type=\"application\/ld+json\" class=\"yoast-schema-graph\">{\"@context\":\"https:\\\/\\\/schema.org\",\"@graph\":[{\"@type\":\"WebPage\",\"@id\":\"https:\\\/\\\/www.drnedelcumarius.com\\\/ro\\\/accueil\\\/\",\"url\":\"https:\\\/\\\/www.drnedelcumarius.com\\\/ro\\\/accueil\\\/\",\"name\":\"pagina principala - Dr Marius Nedelcu\",\"isPartOf\":{\"@id\":\"https:\\\/\\\/www.drnedelcumarius.com\\\/#website\"},\"datePublished\":\"2024-06-21T15:55:15+00:00\",\"dateModified\":\"2024-06-25T07:35:56+00:00\",\"breadcrumb\":{\"@id\":\"https:\\\/\\\/www.drnedelcumarius.com\\\/ro\\\/accueil\\\/#breadcrumb\"},\"inLanguage\":\"ro-RO\",\"potentialAction\":[{\"@type\":\"ReadAction\",\"target\":[\"https:\\\/\\\/www.drnedelcumarius.com\\\/ro\\\/accueil\\\/\"]}]},{\"@type\":\"BreadcrumbList\",\"@id\":\"https:\\\/\\\/www.drnedelcumarius.com\\\/ro\\\/accueil\\\/#breadcrumb\",\"itemListElement\":[{\"@type\":\"ListItem\",\"position\":1,\"name\":\"Accueil\",\"item\":\"https:\\\/\\\/www.drnedelcumarius.com\\\/ro\\\/accueil\\\/\"},{\"@type\":\"ListItem\",\"position\":2,\"name\":\"pagina principala\"}]},{\"@type\":\"WebSite\",\"@id\":\"https:\\\/\\\/www.drnedelcumarius.com\\\/#website\",\"url\":\"https:\\\/\\\/www.drnedelcumarius.com\\\/\",\"name\":\"Dr Marius Nedelcu\",\"description\":\"Chirurgien visc\u00e9rale &amp; bariatrique\",\"potentialAction\":[{\"@type\":\"SearchAction\",\"target\":{\"@type\":\"EntryPoint\",\"urlTemplate\":\"https:\\\/\\\/www.drnedelcumarius.com\\\/?s={search_term_string}\"},\"query-input\":{\"@type\":\"PropertyValueSpecification\",\"valueRequired\":true,\"valueName\":\"search_term_string\"}}],\"inLanguage\":\"ro-RO\"}]}<\/script>\n<!-- \/ Yoast SEO plugin. -->","yoast_head_json":{"title":"pagina principala - Dr Marius Nedelcu","robots":{"index":"index","follow":"follow","max-snippet":"max-snippet:-1","max-image-preview":"max-image-preview:large","max-video-preview":"max-video-preview:-1"},"canonical":"https:\/\/www.drnedelcumarius.com\/ro\/accueil\/","og_locale":"ro_RO","og_type":"article","og_title":"pagina principala - Dr Marius Nedelcu","og_description":"Membre du premier centre de chirurgie en France certifi\u00e9 \"Centre d'excellence\"D\u00e9couvrir les centres d'excellenceDr. Marius NedelcuIn viziunea mea, chirurgia obezitatii trebuie sa se adreseze mai mult ameliorarii calitatii vietii, iar in alegerea procedurii pacientul trebuie sa fie foarte implicat, cu excep\u021bia cazului \u00een care exist\u0103 o contraindica\u021bie absolut\u0103.descoper\u0103-m\u0103+0procedure realizate+0Pacienti operati in Franta+0Consultatii pentru obezitate+0 milioaneNumar de pacienti cu obezitate in ... Read More","og_url":"https:\/\/www.drnedelcumarius.com\/ro\/accueil\/","og_site_name":"Dr Marius Nedelcu","article_modified_time":"2024-06-25T07:35:56+00:00","twitter_card":"summary_large_image","schema":{"@context":"https:\/\/schema.org","@graph":[{"@type":"WebPage","@id":"https:\/\/www.drnedelcumarius.com\/ro\/accueil\/","url":"https:\/\/www.drnedelcumarius.com\/ro\/accueil\/","name":"pagina principala - Dr Marius Nedelcu","isPartOf":{"@id":"https:\/\/www.drnedelcumarius.com\/#website"},"datePublished":"2024-06-21T15:55:15+00:00","dateModified":"2024-06-25T07:35:56+00:00","breadcrumb":{"@id":"https:\/\/www.drnedelcumarius.com\/ro\/accueil\/#breadcrumb"},"inLanguage":"ro-RO","potentialAction":[{"@type":"ReadAction","target":["https:\/\/www.drnedelcumarius.com\/ro\/accueil\/"]}]},{"@type":"BreadcrumbList","@id":"https:\/\/www.drnedelcumarius.com\/ro\/accueil\/#breadcrumb","itemListElement":[{"@type":"ListItem","position":1,"name":"Accueil","item":"https:\/\/www.drnedelcumarius.com\/ro\/accueil\/"},{"@type":"ListItem","position":2,"name":"pagina principala"}]},{"@type":"WebSite","@id":"https:\/\/www.drnedelcumarius.com\/#website","url":"https:\/\/www.drnedelcumarius.com\/","name":"Dr Marius Nedelcu","description":"Chirurgien visc\u00e9rale &amp; bariatrique","potentialAction":[{"@type":"SearchAction","target":{"@type":"EntryPoint","urlTemplate":"https:\/\/www.drnedelcumarius.com\/?s={search_term_string}"},"query-input":{"@type":"PropertyValueSpecification","valueRequired":true,"valueName":"search_term_string"}}],"inLanguage":"ro-RO"}]}},"_links":{"self":[{"href":"https:\/\/www.drnedelcumarius.com\/ro\/wp-json\/wp\/v2\/pages\/1206","targetHints":{"allow":["GET"]}}],"collection":[{"href":"https:\/\/www.drnedelcumarius.com\/ro\/wp-json\/wp\/v2\/pages"}],"about":[{"href":"https:\/\/www.drnedelcumarius.com\/ro\/wp-json\/wp\/v2\/types\/page"}],"author":[{"embeddable":true,"href":"https:\/\/www.drnedelcumarius.com\/ro\/wp-json\/wp\/v2\/users\/1"}],"replies":[{"embeddable":true,"href":"https:\/\/www.drnedelcumarius.com\/ro\/wp-json\/wp\/v2\/comments?post=1206"}],"version-history":[{"count":5,"href":"https:\/\/www.drnedelcumarius.com\/ro\/wp-json\/wp\/v2\/pages\/1206\/revisions"}],"predecessor-version":[{"id":1216,"href":"https:\/\/www.drnedelcumarius.com\/ro\/wp-json\/wp\/v2\/pages\/1206\/revisions\/1216"}],"wp:attachment":[{"href":"https:\/\/www.drnedelcumarius.com\/ro\/wp-json\/wp\/v2\/media?parent=1206"}],"curies":[{"name":"wp","href":"https:\/\/api.w.org\/{rel}","templated":true}]}}